{"id":5,"date":"2013-04-29T09:11:21","date_gmt":"2013-04-29T09:11:21","guid":{"rendered":"http:\/\/uddnasgard.se\/?page_id=5"},"modified":"2023-01-02T10:27:15","modified_gmt":"2023-01-02T10:27:15","slug":"smedjan","status":"publish","type":"page","link":"http:\/\/uddnasgard.se\/de\/smedjan\/","title":{"rendered":"Die alte schmiede"},"content":{"rendered":"<p>Die alte Schmiede, urspr\u00fcnglich im 17. Jahrhundert erbaut, wurde 2003 sorgsam renoviert. Innen hat das Haus einen hellgrauen Holzanstrich. Die alte Schmiede ist winterfest, hat 42 qm und liegt ganz f\u00fcr sich mit sch\u00f6ner Aussicht \u00fcber See und Wiesen und die W\u00e4lder jenseits des Sees. Die alte schmiede hat<\/p>\n<ul>\n<li><span style=\"line-height: 1.714285714; font-size: 1rem;\">integrierten Wohn- und K\u00fcchenraum (K\u00fchl- und Gefrierschrank, Herd und Backofen, Mikrowelle, Sp\u00fcle).<\/span><\/li>\n<li><span style=\"line-height: 1.714285714; font-size: 1rem;\">Einem Specksteinkamin und einem Schlafloft unter dem Dach.<\/span><\/li>\n<li><span style=\"line-height: 1.714285714; font-size: 1rem;\">Ein Schlafzimmer mit zwei Betten.<\/span><\/li>\n<li><span style=\"line-height: 1.714285714; font-size: 1rem;\">Eine Dusche, eine Sauna und wc.\u00a0<\/span><\/li>\n<li><span style=\"line-height: 1.714285714; font-size: 1rem;\">Ees gibt Gartenm\u00f6bel und einen gediegenen Grill.<\/span><\/li>\n<li><span style=\"line-height: 1.714285714; font-size: 1rem;\">Gute Mobiltelefonverbindungen.<\/span><\/li>\n<li><span style=\"line-height: 1.714285714; font-size: 1rem;\">300 m zum Badestrand.<\/span><\/li>\n<li><span style=\"line-height: 1.714285714; font-size: 1rem;\">Gute Angelm\u00f6glichkeiten (ein Ruderboot und die Tageskarten dazu ist frei).<\/span><\/li>\n<li><span style=\"line-height: 1.714285714; font-size: 1rem;\">Ein Elektroau\u00dfenborder kann man mieten.<\/span><\/li>\n<li><span style=\"line-height: 1.714285714; font-size: 1rem;\">Fahrr\u00e4der oder einen Kanadier kann man mieten.<\/span><\/li>\n<li><span style=\"line-height: 1.714285714; font-size: 1rem;\">Bett- und Handtuchen kann man mieten.<\/span><\/li>\n<li><span style=\"line-height: 1.714285714; font-size: 1rem;\">Rauchen ist nicht gestattet, Haustiere mitzubringen ist nicht erl<\/span><\/li>\n<\/ul>\n<p><img loading=\"lazy\" decoding=\"async\" class=\"alignnone size-medium wp-image-441\" src=\"http:\/\/uddnasgard.se\/wp-content\/uploads\/2018\/10\/anhede-181014-102410-0252-web-1-630x420.jpg\" alt=\"\" width=\"630\" height=\"420\" srcset=\"http:\/\/uddnasgard.se\/wp-content\/uploads\/2018\/10\/anhede-181014-102410-0252-web-1-630x420.jpg 630w, http:\/\/uddnasgard.se\/wp-content\/uploads\/2018\/10\/anhede-181014-102410-0252-web-1-768x512.jpg 768w, http:\/\/uddnasgard.se\/wp-content\/uploads\/2018\/10\/anhede-181014-102410-0252-web-1-960x639.jpg 960w, http:\/\/uddnasgard.se\/wp-content\/uploads\/2018\/10\/anhede-181014-102410-0252-web-1-624x416.jpg 624w, http:\/\/uddnasgard.se\/wp-content\/uploads\/2018\/10\/anhede-181014-102410-0252-web-1.jpg 2048w\" sizes=\"auto, (max-width: 630px) 100vw, 630px\" \/><\/p>\n<p><img loading=\"lazy\" decoding=\"async\" class=\"alignnone size-medium wp-image-447\" src=\"http:\/\/uddnasgard.se\/wp-content\/uploads\/2018\/10\/anhede-181014-101629-0240-web-1-1-630x420.jpg\" alt=\"\" width=\"630\" height=\"420\" srcset=\"http:\/\/uddnasgard.se\/wp-content\/uploads\/2018\/10\/anhede-181014-101629-0240-web-1-1-630x420.jpg 630w, http:\/\/uddnasgard.se\/wp-content\/uploads\/2018\/10\/anhede-181014-101629-0240-web-1-1-768x512.jpg 768w, http:\/\/uddnasgard.se\/wp-content\/uploads\/2018\/10\/anhede-181014-101629-0240-web-1-1-960x639.jpg 960w, http:\/\/uddnasgard.se\/wp-content\/uploads\/2018\/10\/anhede-181014-101629-0240-web-1-1-624x416.jpg 624w, http:\/\/uddnasgard.se\/wp-content\/uploads\/2018\/10\/anhede-181014-101629-0240-web-1-1.jpg 2048w\" sizes=\"auto, (max-width: 630px) 100vw, 630px\" \/><\/p>\n<p><img loading=\"lazy\" decoding=\"async\" class=\"alignnone size-medium wp-image-79\" src=\"http:\/\/uddnasgard.se\/wp-content\/uploads\/2013\/04\/smedjan01-630x472.jpg\" alt=\"\" width=\"630\" height=\"472\" srcset=\"http:\/\/uddnasgard.se\/wp-content\/uploads\/2013\/04\/smedjan01-630x472.jpg 630w, http:\/\/uddnasgard.se\/wp-content\/uploads\/2013\/04\/smedjan01-960x720.jpg 960w, http:\/\/uddnasgard.se\/wp-content\/uploads\/2013\/04\/smedjan01-624x468.jpg 624w, http:\/\/uddnasgard.se\/wp-content\/uploads\/2013\/04\/smedjan01.jpg 1600w\" sizes=\"auto, (max-width: 630px) 100vw, 630px\" \/><\/p>\n<p><img loading=\"lazy\" decoding=\"async\" class=\"alignnone size-medium wp-image-532\" src=\"http:\/\/uddnasgard.se\/wp-content\/uploads\/2019\/01\/smedjan-002-630x473.jpg\" alt=\"\" width=\"630\" height=\"473\" srcset=\"http:\/\/uddnasgard.se\/wp-content\/uploads\/2019\/01\/smedjan-002-630x473.jpg 630w, http:\/\/uddnasgard.se\/wp-content\/uploads\/2019\/01\/smedjan-002-768x576.jpg 768w, http:\/\/uddnasgard.se\/wp-content\/uploads\/2019\/01\/smedjan-002-960x720.jpg 960w, http:\/\/uddnasgard.se\/wp-content\/uploads\/2019\/01\/smedjan-002-624x468.jpg 624w, http:\/\/uddnasgard.se\/wp-content\/uploads\/2019\/01\/smedjan-002.jpg 1600w\" sizes=\"auto, (max-width: 630px) 100vw, 630px\" \/><\/p>\n<p><img loading=\"lazy\" decoding=\"async\" class=\"alignnone size-full wp-image-534\" src=\"http:\/\/uddnasgard.se\/wp-content\/uploads\/2019\/01\/smedjan06.jpg\" alt=\"\" width=\"400\" height=\"300\" \/><\/p>\n<p><img loading=\"lazy\" decoding=\"async\" class=\"alignnone size-full wp-image-537\" src=\"http:\/\/uddnasgard.se\/wp-content\/uploads\/2019\/01\/smedjan07-1.jpg\" alt=\"\" width=\"400\" height=\"300\" \/><\/p>\n<p><img loading=\"lazy\" decoding=\"async\" class=\"alignnone size-full wp-image-529\" src=\"http:\/\/uddnasgard.se\/wp-content\/uploads\/2019\/01\/smedjan05.jpg\" alt=\"\" width=\"400\" height=\"300\" \/><\/p>\n<p><img loading=\"lazy\" decoding=\"async\" class=\"alignnone size-full wp-image-536\" src=\"http:\/\/uddnasgard.se\/wp-content\/uploads\/2019\/01\/Smedjan09.jpg\" alt=\"\" width=\"400\" height=\"300\" \/><\/p>","protected":false},"excerpt":{"rendered":"<p>Die alte Schmiede, urspr\u00fcnglich im 17. Jahrhundert erbaut, wurde 2003 sorgsam renoviert. Innen hat das Haus einen hellgrauen Holzanstrich. Die alte Schmiede ist winterfest, hat 42 qm und liegt ganz f\u00fcr sich mit sch\u00f6ner Aussicht \u00fcber See und Wiesen und die W\u00e4lder jenseits des Sees. Die alte schmiede hat integrierten Wohn- und K\u00fcchenraum (K\u00fchl- und [&hellip;]<\/p>\n","protected":false},"author":3,"featured_media":0,"parent":0,"menu_order":21,"comment_status":"closed","ping_status":"closed","template":"page-templates\/full-width.php","meta":{"footnotes":""},"class_list":["post-5","page","type-page","status-publish","hentry"],"_links":{"self":[{"href":"http:\/\/uddnasgard.se\/de\/wp-json\/wp\/v2\/pages\/5","targetHints":{"allow":["GET"]}}],"collection":[{"href":"http:\/\/uddnasgard.se\/de\/wp-json\/wp\/v2\/pages"}],"about":[{"href":"http:\/\/uddnasgard.se\/de\/wp-json\/wp\/v2\/types\/page"}],"author":[{"embeddable":true,"href":"http:\/\/uddnasgard.se\/de\/wp-json\/wp\/v2\/users\/3"}],"replies":[{"embeddable":true,"href":"http:\/\/uddnasgard.se\/de\/wp-json\/wp\/v2\/comments?post=5"}],"version-history":[{"count":59,"href":"http:\/\/uddnasgard.se\/de\/wp-json\/wp\/v2\/pages\/5\/revisions"}],"predecessor-version":[{"id":568,"href":"http:\/\/uddnasgard.se\/de\/wp-json\/wp\/v2\/pages\/5\/revisions\/568"}],"wp:attachment":[{"href":"http:\/\/uddnasgard.se\/de\/wp-json\/wp\/v2\/media?parent=5"}],"curies":[{"name":"wp","href":"https:\/\/api.w.org\/{rel}","templated":true}]}}