{"id":10,"date":"2013-04-29T09:53:36","date_gmt":"2013-04-29T09:53:36","guid":{"rendered":"http:\/\/uddnasgard.se\/?page_id=10"},"modified":"2019-02-25T13:55:59","modified_gmt":"2019-02-25T13:55:59","slug":"om-uddnas","status":"publish","type":"page","link":"https:\/\/uddnasgard.se\/de\/om-uddnas\/","title":{"rendered":"Uddn\u00e4s"},"content":{"rendered":"<p><\/p>\n<p>Uddn\u00e4s liegt im Dorf L\u00f6a ca 30 km n\u00f6rdlich von Lindesberg &#8211; dort ist das Herz von Bergslagen. Das alte Gut ist seit dem 17. Jahrhundert im Familienbesitz, allerdings stammen die jetzigen Geb\u00e4ude aus dem fr\u00fchen 20. Jahrhundert. Jahrhundertelang war die Kombination aus Wald- und Landwirtschaft, dazu Eisengewinnung die wirtschaftliche Grundlage f\u00fcr die Familie. Als Anteilseigner an der alten L\u00f6a Hytta ist die Familie heutzutage auch am Betrieb eines technischen Museums beteiligt. Der Wald tr\u00e4gt bis heute zum Lebensunterhalt der Familie bei.<\/p>\n<p>Die Schmiede wurde schon im 17. Jahrhundert erbaut &#8211; ihr n\u00f6rdlicher Teil war die Waschk\u00fcche des Hofes, der s\u00fcdliche, dem See zugewandte Teil die Schmiede. Um 1900 senkte man den Wasserpegel des S\u00f6rsj\u00f6ns &#8211; deshalb wurde der Weg von der Waschk\u00fcche zum Wasser zu weit. Aber die Schmiede wurde als solche bis in die 50er Jahre genutzt.<\/p>\n<p>Das Haus Per Ols wurde 2012\/13 erbaut. Es ist ein sehr gediegenes, sehr ger\u00e4umiges Blockhaus mit hohem Standard; direkt daneben liegt noch eine kleine G\u00e4stestuga.<\/p>\n<p>200 m von Per Ols liegt unsere Nachbars haus \u00a0mit 3-5 Bette \u00a0zu vermieten. Verbindung mit <a href=\"mailto:barbro.gerdtsson@telia.com\">barbro.gerdtsson@telia.com<\/a><\/p>","protected":false},"excerpt":{"rendered":"<p>Uddn\u00e4s liegt im Dorf L\u00f6a ca 30 km n\u00f6rdlich von Lindesberg &#8211; dort ist das Herz von Bergslagen. Das alte Gut ist seit dem 17. Jahrhundert im Familienbesitz, allerdings stammen die jetzigen Geb\u00e4ude aus dem fr\u00fchen 20. Jahrhundert. Jahrhundertelang war die Kombination aus Wald- und Landwirtschaft, dazu Eisengewinnung die wirtschaftliche Grundlage f\u00fcr die Familie. Als [&hellip;]<\/p>\n","protected":false},"author":3,"featured_media":0,"parent":0,"menu_order":71,"comment_status":"closed","ping_status":"closed","template":"page-templates\/full-width.php","meta":{"footnotes":""},"class_list":["post-10","page","type-page","status-publish","hentry"],"_links":{"self":[{"href":"https:\/\/uddnasgard.se\/de\/wp-json\/wp\/v2\/pages\/10","targetHints":{"allow":["GET"]}}],"collection":[{"href":"https:\/\/uddnasgard.se\/de\/wp-json\/wp\/v2\/pages"}],"about":[{"href":"https:\/\/uddnasgard.se\/de\/wp-json\/wp\/v2\/types\/page"}],"author":[{"embeddable":true,"href":"https:\/\/uddnasgard.se\/de\/wp-json\/wp\/v2\/users\/3"}],"replies":[{"embeddable":true,"href":"https:\/\/uddnasgard.se\/de\/wp-json\/wp\/v2\/comments?post=10"}],"version-history":[{"count":33,"href":"https:\/\/uddnasgard.se\/de\/wp-json\/wp\/v2\/pages\/10\/revisions"}],"predecessor-version":[{"id":551,"href":"https:\/\/uddnasgard.se\/de\/wp-json\/wp\/v2\/pages\/10\/revisions\/551"}],"wp:attachment":[{"href":"https:\/\/uddnasgard.se\/de\/wp-json\/wp\/v2\/media?parent=10"}],"curies":[{"name":"wp","href":"https:\/\/api.w.org\/{rel}","templated":true}]}}