{"id":43,"date":"2013-04-29T09:56:21","date_gmt":"2013-04-29T09:56:21","guid":{"rendered":"http:\/\/uddnasgard.se\/?page_id=43"},"modified":"2026-04-23T08:54:49","modified_gmt":"2026-04-23T08:54:49","slug":"kontakt","status":"publish","type":"page","link":"https:\/\/uddnasgard.se\/de\/kontakt\/","title":{"rendered":"Kontakt"},"content":{"rendered":"<p>Klas Gustafsson +46702756092<br \/>\nMargareta Gustafsson +46702784052<\/p>\n<p><a href=\"mailto:info@uddnasgard.se\" target=\"_blank\" rel=\"noopener\">info@uddnasgard.se<\/a><\/p>\n<p>\u00d6stra L\u00f6a<br \/>\nUddn\u00e4s 637<br \/>\n714 94 \u00a0Kopparberg<br \/>\nSweden<\/p>","protected":false},"excerpt":{"rendered":"<p>Klas Gustafsson +46702756092 Margareta Gustafsson +46702784052 info@uddnasgard.se \u00d6stra L\u00f6a Uddn\u00e4s 637 714 94 \u00a0Kopparberg Sweden<\/p>\n","protected":false},"author":3,"featured_media":0,"parent":0,"menu_order":81,"comment_status":"closed","ping_status":"closed","template":"page-templates\/full-width.php","meta":{"footnotes":""},"class_list":["post-43","page","type-page","status-publish","hentry"],"_links":{"self":[{"href":"https:\/\/uddnasgard.se\/de\/wp-json\/wp\/v2\/pages\/43","targetHints":{"allow":["GET"]}}],"collection":[{"href":"https:\/\/uddnasgard.se\/de\/wp-json\/wp\/v2\/pages"}],"about":[{"href":"https:\/\/uddnasgard.se\/de\/wp-json\/wp\/v2\/types\/page"}],"author":[{"embeddable":true,"href":"https:\/\/uddnasgard.se\/de\/wp-json\/wp\/v2\/users\/3"}],"replies":[{"embeddable":true,"href":"https:\/\/uddnasgard.se\/de\/wp-json\/wp\/v2\/comments?post=43"}],"version-history":[{"count":34,"href":"https:\/\/uddnasgard.se\/de\/wp-json\/wp\/v2\/pages\/43\/revisions"}],"predecessor-version":[{"id":621,"href":"https:\/\/uddnasgard.se\/de\/wp-json\/wp\/v2\/pages\/43\/revisions\/621"}],"wp:attachment":[{"href":"https:\/\/uddnasgard.se\/de\/wp-json\/wp\/v2\/media?parent=43"}],"curies":[{"name":"wp","href":"https:\/\/api.w.org\/{rel}","templated":true}]}}