{"id":8,"date":"2013-04-29T09:33:39","date_gmt":"2013-04-29T09:33:39","guid":{"rendered":"http:\/\/uddnasgard.se\/?page_id=8"},"modified":"2023-01-05T18:45:22","modified_gmt":"2023-01-05T18:45:22","slug":"vagbeskrivning","status":"publish","type":"page","link":"https:\/\/uddnasgard.se\/de\/vagbeskrivning\/","title":{"rendered":"Wegbeschreibung"},"content":{"rendered":"<p>Von \u00d6rebro aus 50 km n\u00f6rdlich auf der Strasse Nr. 50 nach Falun, an Lindesberg, Guldsmedshyttan und Stor\u00e5 vorbei.<\/p>\n<p>Ca 10 km n\u00f6rdlich von Stor\u00e5, direkt nach der Br\u00fccke, fahren Sie rechts nach Ramsberg und L\u00f6a hytta.<\/p>\n<p>Ca 1,5 km vorbei \u00c5kaf\u00e9t, an der L\u00f6a skola und der L\u00f6a hytta (Denkmalgesch\u00fctzer alter Hochofen).<\/p>\n<p>Nach L\u00f6a hytta sind \u00c4cker und Wiesen auf beiden Seiten, danach ein paar rote H\u00e4user &#8211; gegen\u00fcber vom ersten Haus auf der linken Seite nach rechts abbiegen, ca 400 m vorbei an einem Haus und einem Bauernhof und, beide rotgestrichen.<\/p>\n<p>Dann teilt sich der Weg &#8211; den rechten Abzweig nehmen. Man sieht zwei gelbe, gro\u00dfe Wohnh\u00e4user und links zwei gro\u00dfe Scheunen &#8211; das ist Uddn\u00e4s G\u00e5rd.<\/p>\n<p>Nach links zwischen den Scheunen durch geht es zur Alten Schmiede,\u00a0geradeaus an den beiden H\u00e4usern vorbei zu Per Ols\u00a0 ca 200 m.<\/p>","protected":false},"excerpt":{"rendered":"<p>Von \u00d6rebro aus 50 km n\u00f6rdlich auf der Strasse Nr. 50 nach Falun, an Lindesberg, Guldsmedshyttan und Stor\u00e5 vorbei. Ca 10 km n\u00f6rdlich von Stor\u00e5, direkt nach der Br\u00fccke, fahren Sie rechts nach Ramsberg und L\u00f6a hytta. Ca 1,5 km vorbei \u00c5kaf\u00e9t, an der L\u00f6a skola und der L\u00f6a hytta (Denkmalgesch\u00fctzer alter Hochofen). Nach L\u00f6a [&hellip;]<\/p>\n","protected":false},"author":3,"featured_media":0,"parent":0,"menu_order":61,"comment_status":"closed","ping_status":"closed","template":"page-templates\/full-width.php","meta":{"footnotes":""},"class_list":["post-8","page","type-page","status-publish","hentry"],"_links":{"self":[{"href":"https:\/\/uddnasgard.se\/de\/wp-json\/wp\/v2\/pages\/8","targetHints":{"allow":["GET"]}}],"collection":[{"href":"https:\/\/uddnasgard.se\/de\/wp-json\/wp\/v2\/pages"}],"about":[{"href":"https:\/\/uddnasgard.se\/de\/wp-json\/wp\/v2\/types\/page"}],"author":[{"embeddable":true,"href":"https:\/\/uddnasgard.se\/de\/wp-json\/wp\/v2\/users\/3"}],"replies":[{"embeddable":true,"href":"https:\/\/uddnasgard.se\/de\/wp-json\/wp\/v2\/comments?post=8"}],"version-history":[{"count":37,"href":"https:\/\/uddnasgard.se\/de\/wp-json\/wp\/v2\/pages\/8\/revisions"}],"predecessor-version":[{"id":609,"href":"https:\/\/uddnasgard.se\/de\/wp-json\/wp\/v2\/pages\/8\/revisions\/609"}],"wp:attachment":[{"href":"https:\/\/uddnasgard.se\/de\/wp-json\/wp\/v2\/media?parent=8"}],"curies":[{"name":"wp","href":"https:\/\/api.w.org\/{rel}","templated":true}]}}